{"id":107969,"date":"2021-08-24T02:53:58","date_gmt":"2021-08-24T00:53:58","guid":{"rendered":"https:\/\/news.evearly.com\/?page_id=107969"},"modified":"2024-03-23T12:00:11","modified_gmt":"2024-03-23T11:00:11","slug":"a-propos-devearly-news","status":"publish","type":"page","link":"https:\/\/www.evearly.news\/fr\/a-propos-devearly-news\/","title":{"rendered":"A propos d&rsquo;evearly news"},"content":{"rendered":"\n<p>Evearly news: agr\u00e9gateur d&rsquo;actualit\u00e9s voitures \u00e9lectriques et v\u00e9hicules \u00e9lectriques (auto, motos, bateaux, avions). Plus de 20 sources d&rsquo;information.<\/p>\n\n\n\n<p>Evearly news rassemble l&rsquo;actualit\u00e9 des v\u00e9hicules \u00e9lectriques issue de multiples sources pour  56112 articles disponibles. <br>Evearly news offre:<\/p>\n\n\n\n<ul class=\"wp-block-list\">\n<li>L&rsquo;assurance de ne rien rater de l&rsquo;actualit\u00e9<\/li>\n\n\n\n<li>L&rsquo;assurance d&rsquo;avoir l&rsquo;information au plus t\u00f4t : les scoops apparaissent sur evearly news avant que tous les autres media n&rsquo;aient copi\u00e9 l&rsquo;info<\/li>\n\n\n\n<li>L&rsquo;\u00e9cran se rafra\u00eechit automatiquement pour afficher les nouveaux articles<\/li>\n\n\n\n<li>La possibilit\u00e9 de faire une recherche sur 56112 articles en fran\u00e7ais<\/li>\n\n\n\n<li>La possibilit\u00e9 de filtrer les sources pour n&rsquo;afficher que celle(s) qui sont int\u00e9ressantes<\/li>\n\n\n\n<li>La possibilit\u00e9 de faire des recherches par dates<\/li>\n\n\n\n<li>Une newsletter hebdomadaire permettant de rester en contact avec l&rsquo;actualit\u00e9<\/li>\n\n\n\n<li>Des articles dans d&rsquo;autres langues (anglais pour l&rsquo;instant)<\/li>\n<\/ul>\n\n\n\n<p>Evearly est n\u00e9 de la r\u00e9union de personnes d\u00e9sireuses de faire conna\u00eetre la mobilit\u00e9 \u00e9lectrique.<\/p>\n\n\n\n<p><a href=\"https:\/\/account.evearly.com\/contact\/\" target=\"_blank\" rel=\"noreferrer noopener\">Contact<\/a><\/p>\n","protected":false},"excerpt":{"rendered":"<p>&#8230; <a class=\"continue-reading-link\" href=\"https:\/\/www.evearly.news\/fr\/a-propos-devearly-news\/\"><\/a><\/p>\n","protected":false},"author":2,"featured_media":0,"parent":0,"menu_order":0,"comment_status":"closed","ping_status":"closed","template":"","meta":{"footnotes":""},"class_list":["post-107969","page","type-page","status-publish","hentry"],"_links":{"self":[{"href":"https:\/\/www.evearly.news\/fr\/wp-json\/wp\/v2\/pages\/107969","targetHints":{"allow":["GET"]}}],"collection":[{"href":"https:\/\/www.evearly.news\/fr\/wp-json\/wp\/v2\/pages"}],"about":[{"href":"https:\/\/www.evearly.news\/fr\/wp-json\/wp\/v2\/types\/page"}],"author":[{"embeddable":true,"href":"https:\/\/www.evearly.news\/fr\/wp-json\/wp\/v2\/users\/2"}],"replies":[{"embeddable":true,"href":"https:\/\/www.evearly.news\/fr\/wp-json\/wp\/v2\/comments?post=107969"}],"version-history":[{"count":4,"href":"https:\/\/www.evearly.news\/fr\/wp-json\/wp\/v2\/pages\/107969\/revisions"}],"predecessor-version":[{"id":277394,"href":"https:\/\/www.evearly.news\/fr\/wp-json\/wp\/v2\/pages\/107969\/revisions\/277394"}],"wp:attachment":[{"href":"https:\/\/www.evearly.news\/fr\/wp-json\/wp\/v2\/media?parent=107969"}],"curies":[{"name":"wp","href":"https:\/\/api.w.org\/{rel}","templated":true}]}}