{"id":260394,"date":"2023-08-22T11:04:40","date_gmt":"2023-08-22T11:04:40","guid":{"rendered":"https:\/\/www.evearly.news\/fr\/newsletter-3\/"},"modified":"2023-11-28T09:48:32","modified_gmt":"2023-11-28T08:48:32","slug":"newsletter-3","status":"publish","type":"page","link":"https:\/\/www.evearly.news\/fr\/newsletter-3\/","title":{"rendered":"Newsletter"},"content":{"rendered":"<div class=\"tnp tnp-subscription \">\n<form method=\"post\" action=\"https:\/\/www.evearly.news\/fr\/wp-admin\/admin-ajax.php?action=tnp&amp;na=s\">\n<input type=\"hidden\" name=\"nlang\" value=\"\">\n<div class=\"tnp-field tnp-field-firstname\"><label for=\"tnp-1\">Pr\u00e9nom<\/label>\n<input class=\"tnp-name\" type=\"text\" name=\"nn\" id=\"tnp-1\" value=\"\" placeholder=\"\"><\/div>\n<div class=\"tnp-field tnp-field-surname\"><label for=\"tnp-2\">Nom<\/label>\n<input class=\"tnp-surname\" type=\"text\" name=\"ns\" id=\"tnp-2\" value=\"\" placeholder=\"\"><\/div><div class=\"tnp-field tnp-field-email\"><label for=\"tnp-3\">Email *<\/label>\n<input class=\"tnp-email\" type=\"email\" name=\"ne\" id=\"tnp-3\" value=\"\" placeholder=\"\" required><\/div>\n<div class=\"tnp-field tnp-field-gender\"><label for=\"tnp-4\">Genre<\/label>\n<select name=\"nx\" class=\"tnp-gender\" id=\"tnp-gender\"><option value=\"n\">-<\/option><option value=\"f\">Femme<\/option><option value=\"m\">Homme<\/option><\/select><\/div>\n<div class=\"tnp-field tnp-privacy-field\"><label><input type=\"checkbox\" name=\"ny\" required class=\"tnp-privacy\"> <a target=\"_blank\" href=\"https:\/\/www.evearly.news\/fr\/politique-de-cookies\/\"> J&#039;accepte les r\u00e8gles de confidentialit\u00e9 de ce site (conformit\u00e9 RGPD).<\/a><\/label><\/div><div class=\"tnp-field tnp-field-button\" style=\"text-align: left\"><input class=\"tnp-submit\" type=\"submit\" value=\"S&#039;abonner\" style=\"\">\n<\/div>\n<\/form>\n<\/div>\n\n<p>Notre newsletter parait en fin de semaine. Elle donne un acc\u00e8s direct aux derni\u00e8res actualit\u00e9s parues sur les v\u00e9hicules \u00e9lectriques (\u00e0 batterie ou \u00e0 hydrog\u00e8ne) ou hybrides rechargeables.<\/p>\n<p>La d\u00e9sinscription se fait facilement via l&rsquo;e-mail de bienvenue ou une newsletter.<\/p>\n<p>Votre adresse e-mail n\u2019est utilis\u00e9e \u00e0 aucune autre fin que l\u2019envoi de cette newsletter.<\/p>\n<p><a href=\"\/fr\/\">Retour aux actualit\u00e9s \u2192<\/a><\/p>\n","protected":false},"excerpt":{"rendered":"<p>&#8230; <a class=\"continue-reading-link\" href=\"https:\/\/www.evearly.news\/fr\/newsletter-3\/\"><\/a><\/p>\n","protected":false},"author":1,"featured_media":0,"parent":0,"menu_order":0,"comment_status":"closed","ping_status":"closed","template":"","meta":{"footnotes":""},"class_list":["post-260394","page","type-page","status-publish","hentry"],"_links":{"self":[{"href":"https:\/\/www.evearly.news\/fr\/wp-json\/wp\/v2\/pages\/260394","targetHints":{"allow":["GET"]}}],"collection":[{"href":"https:\/\/www.evearly.news\/fr\/wp-json\/wp\/v2\/pages"}],"about":[{"href":"https:\/\/www.evearly.news\/fr\/wp-json\/wp\/v2\/types\/page"}],"author":[{"embeddable":true,"href":"https:\/\/www.evearly.news\/fr\/wp-json\/wp\/v2\/users\/1"}],"replies":[{"embeddable":true,"href":"https:\/\/www.evearly.news\/fr\/wp-json\/wp\/v2\/comments?post=260394"}],"version-history":[{"count":5,"href":"https:\/\/www.evearly.news\/fr\/wp-json\/wp\/v2\/pages\/260394\/revisions"}],"predecessor-version":[{"id":268806,"href":"https:\/\/www.evearly.news\/fr\/wp-json\/wp\/v2\/pages\/260394\/revisions\/268806"}],"wp:attachment":[{"href":"https:\/\/www.evearly.news\/fr\/wp-json\/wp\/v2\/media?parent=260394"}],"curies":[{"name":"wp","href":"https:\/\/api.w.org\/{rel}","templated":true}]}}