{"id":260698,"date":"2023-08-26T22:27:20","date_gmt":"2023-08-26T22:27:20","guid":{"rendered":"https:\/\/www.evearly.news\/fr\/?page_id=260698"},"modified":"2023-08-26T22:27:22","modified_gmt":"2023-08-26T22:27:22","slug":"filtres-et-recherche","status":"publish","type":"page","link":"https:\/\/www.evearly.news\/fr\/filtres-et-recherche\/","title":{"rendered":"Filtres et Recherche"},"content":{"rendered":"\n<h2 class=\"wp-block-heading\">Recherche<\/h2>\n\n\n<form role=\"search\" method=\"get\" action=\"https:\/\/www.evearly.news\/fr\/\" class=\"wp-block-search__button-outside wp-block-search__text-button wp-block-search\"    ><label class=\"wp-block-search__label\" for=\"wp-block-search__input-1\" >Rechercher<\/label><div class=\"wp-block-search__inside-wrapper\" ><input class=\"wp-block-search__input\" id=\"wp-block-search__input-1\" placeholder=\"\" value=\"\" type=\"search\" name=\"s\" required \/><button aria-label=\"Rechercher\" class=\"wp-block-search__button wp-element-button\" type=\"submit\" >Rechercher<\/button><\/div><\/form>\n\n\n<hr class=\"wp-block-separator has-alpha-channel-opacity\"\/>\n\n\n\n<h2 class=\"wp-block-heading\">Filtres par date et source<\/h2>\n\n\n\n\t\t\t\t<form action=\"\" method=\"post\" class=\"searchandfilter s\">\n\t\t\t\t\t<div><ul><li><h4>Dates de parution (d\u00e9but-fin)<\/h4><input class=\"postform\" type=\"date\" name=\"ofpost_date[]\" value=\"\" \/><\/li><li><input class=\"postform\" type=\"date\" name=\"ofpost_date[]\" value=\"\" \/><\/li><li><h4>Sources<\/h4><ul>\t<li class=\"cat-item cat-item-10\"><label><input type='checkbox' name='ofcategory[]' value='10' \/> auto-moto-com (2956)<\/label>\n<\/li>\n\t<li class=\"cat-item cat-item-7\"><label><input type='checkbox' name='ofcategory[]' value='7' \/> automobile-magazine (4060)<\/label>\n<\/li>\n\t<li class=\"cat-item cat-item-8\"><label><input type='checkbox' name='ofcategory[]' value='8' \/> automobile-propre (15273)<\/label>\n<\/li>\n\t<li class=\"cat-item cat-item-3\"><label><input type='checkbox' name='ofcategory[]' value='3' \/> avem (2814)<\/label>\n<\/li>\n\t<li class=\"cat-item cat-item-9\"><label><input type='checkbox' name='ofcategory[]' value='9' \/> avere-france (271)<\/label>\n<\/li>\n\t<li class=\"cat-item cat-item-25\"><label><input type='checkbox' name='ofcategory[]' value='25' \/> breezcar (349)<\/label>\n<\/li>\n\t<li class=\"cat-item cat-item-11\"><label><input type='checkbox' name='ofcategory[]' value='11' \/> caradisiac (4301)<\/label>\n<\/li>\n\t<li class=\"cat-item cat-item-12\"><label><input type='checkbox' name='ofcategory[]' value='12' \/> clubic (1095)<\/label>\n<\/li>\n\t<li class=\"cat-item cat-item-13\"><label><input type='checkbox' name='ofcategory[]' value='13' \/> electriquemag (562)<\/label>\n<\/li>\n\t<li class=\"cat-item cat-item-179\"><label><input type='checkbox' name='ofcategory[]' value='179' \/> flotauto.com (292)<\/label>\n<\/li>\n\t<li class=\"cat-item cat-item-14\"><label><input type='checkbox' name='ofcategory[]' value='14' \/> frandroid (8429)<\/label>\n<\/li>\n\t<li class=\"cat-item cat-item-6\"><label><input type='checkbox' name='ofcategory[]' value='6' \/> frandroid moto (158)<\/label>\n<\/li>\n\t<li class=\"cat-item cat-item-15\"><label><input type='checkbox' name='ofcategory[]' value='15' \/> insideevs (3876)<\/label>\n<\/li>\n\t<li class=\"cat-item cat-item-16\"><label><input type='checkbox' name='ofcategory[]' value='16' \/> lesnumeriques (3155)<\/label>\n<\/li>\n\t<li class=\"cat-item cat-item-17\"><label><input type='checkbox' name='ofcategory[]' value='17' \/> numerama (2218)<\/label>\n<\/li>\n\t<li class=\"cat-item cat-item-4\"><label><input type='checkbox' name='ofcategory[]' value='4' \/> oovango.com (163)<\/label>\n<\/li>\n\t<li class=\"cat-item cat-item-18\"><label><input type='checkbox' name='ofcategory[]' value='18' \/> phonandroid (2847)<\/label>\n<\/li>\n\t<li class=\"cat-item cat-item-19\"><label><input type='checkbox' name='ofcategory[]' value='19' \/> presse-citron (3260)<\/label>\n<\/li>\n\t<li class=\"cat-item cat-item-22\"><label><input type='checkbox' name='ofcategory[]' value='22' \/> tecsol (581)<\/label>\n<\/li>\n<\/ul><input type=\"hidden\" name=\"ofcategory_operator\" value=\"or\" \/><\/li><li><input type=\"hidden\" name=\"ofempty_search_url\" value=\"https:\/\/www.evearly.news\/fr\/\" \/><input type=\"hidden\" id=\"_searchandfilter_nonce\" name=\"_searchandfilter_nonce\" value=\"25de43877a\" \/><input type=\"hidden\" name=\"_wp_http_referer\" value=\"\/fr\/wp-json\/wp\/v2\/pages\/260698\" \/><input type=\"hidden\" name=\"ofsubmitted\" value=\"1\"><input type=\"submit\" value=\"Filtrer\"><\/li><\/ul><\/div><\/form>\n\n\n\nPas de case source coch\u00e9e = toutes des sources sont s\u00e9lectionn\u00e9es.<br>Les chiffres entre parenth\u00e8ses indiquent le nombre d&rsquo;articles disponibles.\n","protected":false},"excerpt":{"rendered":"<p>&#8230; <a class=\"continue-reading-link\" href=\"https:\/\/www.evearly.news\/fr\/filtres-et-recherche\/\"><\/a><\/p>\n","protected":false},"author":1,"featured_media":0,"parent":0,"menu_order":0,"comment_status":"closed","ping_status":"closed","template":"","meta":{"footnotes":""},"class_list":["post-260698","page","type-page","status-publish","hentry"],"_links":{"self":[{"href":"https:\/\/www.evearly.news\/fr\/wp-json\/wp\/v2\/pages\/260698","targetHints":{"allow":["GET"]}}],"collection":[{"href":"https:\/\/www.evearly.news\/fr\/wp-json\/wp\/v2\/pages"}],"about":[{"href":"https:\/\/www.evearly.news\/fr\/wp-json\/wp\/v2\/types\/page"}],"author":[{"embeddable":true,"href":"https:\/\/www.evearly.news\/fr\/wp-json\/wp\/v2\/users\/1"}],"replies":[{"embeddable":true,"href":"https:\/\/www.evearly.news\/fr\/wp-json\/wp\/v2\/comments?post=260698"}],"version-history":[{"count":1,"href":"https:\/\/www.evearly.news\/fr\/wp-json\/wp\/v2\/pages\/260698\/revisions"}],"predecessor-version":[{"id":260699,"href":"https:\/\/www.evearly.news\/fr\/wp-json\/wp\/v2\/pages\/260698\/revisions\/260699"}],"wp:attachment":[{"href":"https:\/\/www.evearly.news\/fr\/wp-json\/wp\/v2\/media?parent=260698"}],"curies":[{"name":"wp","href":"https:\/\/api.w.org\/{rel}","templated":true}]}}